{"id":77,"date":"2025-02-11T10:12:36","date_gmt":"2025-02-11T10:12:36","guid":{"rendered":"https:\/\/avfresnillo.com.mx\/servicios\/?page_id=77"},"modified":"2025-03-19T20:12:01","modified_gmt":"2025-03-19T20:12:01","slug":"politica-de-privacidad","status":"publish","type":"page","link":"https:\/\/avfresnillo.com.mx\/servicios\/politica-de-privacidad\/","title":{"rendered":"Pol\u00edtica de Privacidad"},"content":{"rendered":"\n<pre class=\"wp-block-verse has-contrast-color has-text-color has-link-color wp-elements-1eb485d4099f5da287463a3e69b248b1\"><br><strong>Operadora MBA<\/strong> (en adelante \u201c<strong>avid Fresnillo<\/strong>\u201d), con domicilio en Paseo del Mineral #105, Col. Emiliano Zapata C.P. 99010 Fresnillo, Zacatecas, trata los datos personales que usted suministr\u00f3 conforme a lo dispuesto en la Ley Federal de Protecci\u00f3n de Datos Personales en Posesi\u00f3n de los Particulares y su Reglamento.<br><br><strong>avid Fresnillo <\/strong>trata sus datos personales con las siguientes finalidades: (I) solicitar, contratar, cambiar o cancelar servicios; (II) realizar pagos; (III) solicitar o facturar un comprobante fiscal digital; (IV) ponerse en contacto con el Servicio de Atenci\u00f3n al Cliente; (V) enviarle informaci\u00f3n sobre nuestros productos y servicios con fines de marketing, publicidad o estudios de mercado, y (VII) recopilar informaci\u00f3n de las tarjetas de d\u00e9bito o cr\u00e9dito utilizadas para el pago de los servicios. Usted podr\u00e1 ejercer sus derechos de acceso, rectificaci\u00f3n, cancelaci\u00f3n y oposici\u00f3n al tratamiento de datos personales, limitar su uso y difusi\u00f3n.<br><br><strong>En caso de requerir asistencia o tiene alguna duda por favor ac\u00e9rquese a la Recepci\u00f3n del Hotel.<\/strong><br><br><\/pre>\n\n\n","protected":false},"excerpt":{"rendered":"<p>Operadora MBA (en adelante \u201cavid Fresnillo\u201d), con domicilio en Paseo del Mineral #105, Col. Emiliano Zapata C.P. 99010 Fresnillo, Zacatecas, trata los datos personales que usted suministr\u00f3 conforme a lo dispuesto en la Ley Federal de Protecci\u00f3n de Datos Personales en Posesi\u00f3n de los Particulares y su Reglamento.avid Fresnillo trata sus datos personales con las [&hellip;]<\/p>\n","protected":false},"author":1,"featured_media":0,"parent":0,"menu_order":0,"comment_status":"closed","ping_status":"closed","template":"","meta":{"pagelayer_contact_templates":[],"_pagelayer_content":"","footnotes":""},"class_list":["post-77","page","type-page","status-publish","hentry"],"_links":{"self":[{"href":"https:\/\/avfresnillo.com.mx\/servicios\/wp-json\/wp\/v2\/pages\/77","targetHints":{"allow":["GET"]}}],"collection":[{"href":"https:\/\/avfresnillo.com.mx\/servicios\/wp-json\/wp\/v2\/pages"}],"about":[{"href":"https:\/\/avfresnillo.com.mx\/servicios\/wp-json\/wp\/v2\/types\/page"}],"author":[{"embeddable":true,"href":"https:\/\/avfresnillo.com.mx\/servicios\/wp-json\/wp\/v2\/users\/1"}],"replies":[{"embeddable":true,"href":"https:\/\/avfresnillo.com.mx\/servicios\/wp-json\/wp\/v2\/comments?post=77"}],"version-history":[{"count":3,"href":"https:\/\/avfresnillo.com.mx\/servicios\/wp-json\/wp\/v2\/pages\/77\/revisions"}],"predecessor-version":[{"id":122,"href":"https:\/\/avfresnillo.com.mx\/servicios\/wp-json\/wp\/v2\/pages\/77\/revisions\/122"}],"wp:attachment":[{"href":"https:\/\/avfresnillo.com.mx\/servicios\/wp-json\/wp\/v2\/media?parent=77"}],"curies":[{"name":"wp","href":"https:\/\/api.w.org\/{rel}","templated":true}]}}